{"id":298,"date":"2025-08-20T09:43:41","date_gmt":"2025-08-20T12:43:41","guid":{"rendered":"https:\/\/tddobem.com.br\/?page_id=298"},"modified":"2025-10-01T18:55:31","modified_gmt":"2025-10-01T21:55:31","slug":"pompeia","status":"publish","type":"page","link":"https:\/\/tddobem.com.br\/index.php\/pompeia\/","title":{"rendered":"Pomp\u00e9ia"},"content":{"rendered":"\n<div class=\"wp-block-columns are-vertically-aligned-center is-layout-flex wp-container-core-columns-is-layout-9d6595d7 wp-block-columns-is-layout-flex\" id=\"projeto\">\n<div class=\"wp-block-column is-vertically-aligned-center is-layout-flow wp-block-column-is-layout-flow\" style=\"flex-basis:50%\">\n<div class=\"wp-block-group is-vertical is-layout-flex wp-container-core-group-is-layout-8cf370e7 wp-block-group-is-layout-flex\">\n<figure class=\"wp-block-image size-full is-style-default\"><img loading=\"lazy\" decoding=\"async\" width=\"1440\" height=\"2560\" src=\"https:\/\/tddobem.com.br\/wp-content\/uploads\/2025\/10\/Sem-nome-Story-4-scaled.png\" alt=\"\" class=\"wp-image-376\" srcset=\"https:\/\/tddobem.com.br\/wp-content\/uploads\/2025\/10\/Sem-nome-Story-4-scaled.png 1440w, https:\/\/tddobem.com.br\/wp-content\/uploads\/2025\/10\/Sem-nome-Story-4-169x300.png 169w, https:\/\/tddobem.com.br\/wp-content\/uploads\/2025\/10\/Sem-nome-Story-4-576x1024.png 576w, https:\/\/tddobem.com.br\/wp-content\/uploads\/2025\/10\/Sem-nome-Story-4-768x1365.png 768w, https:\/\/tddobem.com.br\/wp-content\/uploads\/2025\/10\/Sem-nome-Story-4-864x1536.png 864w, https:\/\/tddobem.com.br\/wp-content\/uploads\/2025\/10\/Sem-nome-Story-4-1152x2048.png 1152w\" sizes=\"auto, (max-width: 1440px) 100vw, 1440px\" \/><\/figure>\n<\/div>\n<\/div>\n\n\n\n<div class=\"wp-block-column is-vertically-aligned-center is-layout-flow wp-block-column-is-layout-flow\" style=\"flex-basis:50%\">\n<h2 class=\"wp-block-heading\">TD do Bem na zona leste de bh<\/h2>\n\n\n\n<p>O <strong>polo Pomp\u00e9ia<\/strong> nasce com a miss\u00e3o de levar o <strong>Flag Football<\/strong> para mais crian\u00e7as da regi\u00e3o Leste de Belo Horizonte, em uma comunidade com forte esp\u00edrito coletivo. O campo se transforma em um lugar de encontro, aprendizado e disciplina, incentivando os jovens a sonharem e acreditarem no seu futuro atrav\u00e9s do esporte.<\/p>\n\n\n\n<p>O objetivo deste polo \u00e9 <strong>desenvolver a modalidade e oportunidades esportivas e educativas<\/strong>, formando cidad\u00e3os conscientes, preparados para os desafios dentro e fora do campo.<\/p>\n<\/div>\n<\/div>\n\n\n\n<div style=\"height:15px\" aria-hidden=\"true\" class=\"wp-block-spacer\"><\/div>\n\n\n\n<div class=\"wp-block-columns are-vertically-aligned-center is-layout-flex wp-container-core-columns-is-layout-9d6595d7 wp-block-columns-is-layout-flex\" id=\"projeto\">\n<div class=\"wp-block-column is-vertically-aligned-center is-layout-flow wp-block-column-is-layout-flow\" style=\"flex-basis:50%\">\n<h2 class=\"wp-block-heading\">Evento de Lan\u00e7amento<\/h2>\n\n\n\n<p>Agosto de 2024 foi lan\u00e7ado o nosso projeto no polo Pomp\u00e9ia atrav\u00e9s de uma parceria com a Prefeitura de Belo Horizonte e Secretaria de Esportes e Lazer, na pessoa do Secret\u00e1rio Rub\u00e3o. Mais uma regi\u00e3o e mais crian\u00e7as conhecendo o Flag Football de maneira l\u00fadica, com muita divers\u00e3o, mas tamb\u00e9m com valores e diferenciais que o esporte proporciona a todos que o praticam. <br>Estamos muito felizes com a estrutura e apoio oferecidos ao Td do Bem. Que venham muitos treinos e festivais de flag no Complexo Esportivo Pomp\u00e9ia. <\/p>\n<\/div>\n\n\n\n<div class=\"wp-block-column is-vertically-aligned-center is-layout-flow wp-block-column-is-layout-flow\" style=\"flex-basis:50%\">\n<div class=\"wp-block-group\"><div class=\"wp-block-group__inner-container is-layout-constrained wp-block-group-is-layout-constrained\">\n<div class=\"wp-block-group\"><div class=\"wp-block-group__inner-container is-layout-constrained wp-block-group-is-layout-constrained\">\n<figure class=\"wp-block-image size-full is-style-default\"><img loading=\"lazy\" decoding=\"async\" width=\"1440\" height=\"2560\" src=\"https:\/\/tddobem.com.br\/wp-content\/uploads\/2025\/10\/Sem-nome-Story-5-scaled.png\" alt=\"\" class=\"wp-image-377\" srcset=\"https:\/\/tddobem.com.br\/wp-content\/uploads\/2025\/10\/Sem-nome-Story-5-scaled.png 1440w, https:\/\/tddobem.com.br\/wp-content\/uploads\/2025\/10\/Sem-nome-Story-5-169x300.png 169w, https:\/\/tddobem.com.br\/wp-content\/uploads\/2025\/10\/Sem-nome-Story-5-576x1024.png 576w, https:\/\/tddobem.com.br\/wp-content\/uploads\/2025\/10\/Sem-nome-Story-5-768x1365.png 768w, https:\/\/tddobem.com.br\/wp-content\/uploads\/2025\/10\/Sem-nome-Story-5-864x1536.png 864w, https:\/\/tddobem.com.br\/wp-content\/uploads\/2025\/10\/Sem-nome-Story-5-1152x2048.png 1152w\" sizes=\"auto, (max-width: 1440px) 100vw, 1440px\" \/><\/figure>\n<\/div><\/div>\n<\/div><\/div>\n<\/div>\n<\/div>\n\n\n\n<div style=\"height:19px\" aria-hidden=\"true\" class=\"wp-block-spacer\"><\/div>\n\n\n\n<div class=\"wp-block-columns are-vertically-aligned-center is-layout-flex wp-container-core-columns-is-layout-9d6595d7 wp-block-columns-is-layout-flex\">\n<div class=\"wp-block-column is-vertically-aligned-center is-layout-flow wp-block-column-is-layout-flow\">\n<figure class=\"wp-block-image size-large\"><img loading=\"lazy\" decoding=\"async\" width=\"884\" height=\"1024\" src=\"https:\/\/tddobem.com.br\/wp-content\/uploads\/2025\/10\/Captura-de-Tela-2025-10-01-as-18.37.48-884x1024.png\" alt=\"\" class=\"wp-image-378\" srcset=\"https:\/\/tddobem.com.br\/wp-content\/uploads\/2025\/10\/Captura-de-Tela-2025-10-01-as-18.37.48-884x1024.png 884w, https:\/\/tddobem.com.br\/wp-content\/uploads\/2025\/10\/Captura-de-Tela-2025-10-01-as-18.37.48-259x300.png 259w, https:\/\/tddobem.com.br\/wp-content\/uploads\/2025\/10\/Captura-de-Tela-2025-10-01-as-18.37.48-768x889.png 768w, https:\/\/tddobem.com.br\/wp-content\/uploads\/2025\/10\/Captura-de-Tela-2025-10-01-as-18.37.48.png 988w\" sizes=\"auto, (max-width: 884px) 100vw, 884px\" \/><\/figure>\n<\/div>\n\n\n\n<div class=\"wp-block-column is-vertically-aligned-center is-layout-flow wp-block-column-is-layout-flow\">\n<figure class=\"wp-block-video\"><video height=\"1920\" style=\"aspect-ratio: 1080 \/ 1920;\" width=\"1080\" controls src=\"https:\/\/tddobem.com.br\/wp-content\/uploads\/2025\/10\/IMG_2964.mov\"><\/video><\/figure>\n<\/div>\n\n\n\n<div class=\"wp-block-column is-vertically-aligned-center is-layout-flow wp-block-column-is-layout-flow\">\n<figure class=\"wp-block-image size-large\"><img loading=\"lazy\" decoding=\"async\" width=\"652\" height=\"1024\" src=\"https:\/\/tddobem.com.br\/wp-content\/uploads\/2025\/10\/Captura-de-Tela-2025-10-01-as-18.20.04-652x1024.png\" alt=\"\" class=\"wp-image-374\" srcset=\"https:\/\/tddobem.com.br\/wp-content\/uploads\/2025\/10\/Captura-de-Tela-2025-10-01-as-18.20.04-652x1024.png 652w, https:\/\/tddobem.com.br\/wp-content\/uploads\/2025\/10\/Captura-de-Tela-2025-10-01-as-18.20.04-191x300.png 191w, https:\/\/tddobem.com.br\/wp-content\/uploads\/2025\/10\/Captura-de-Tela-2025-10-01-as-18.20.04-768x1206.png 768w, https:\/\/tddobem.com.br\/wp-content\/uploads\/2025\/10\/Captura-de-Tela-2025-10-01-as-18.20.04-978x1536.png 978w, https:\/\/tddobem.com.br\/wp-content\/uploads\/2025\/10\/Captura-de-Tela-2025-10-01-as-18.20.04.png 982w\" sizes=\"auto, (max-width: 652px) 100vw, 652px\" \/><\/figure>\n<\/div>\n<\/div>\n\n\n\n<div style=\"height:60px\" aria-hidden=\"true\" class=\"wp-block-spacer\"><\/div>\n\n\n\n<div class=\"wp-block-columns are-vertically-aligned-center is-layout-flex wp-container-core-columns-is-layout-9d6595d7 wp-block-columns-is-layout-flex\" id=\"projeto\">\n<div class=\"wp-block-column is-vertically-aligned-center is-layout-flow wp-block-column-is-layout-flow\" style=\"flex-basis:50%\">\n<h2 class=\"wp-block-heading\">Atividades e Funcionamento<\/h2>\n\n\n\n<p><strong>TD do Bem \u2013 Pomp\u00e9ia<\/strong><br>Complexo Poliesportivo<br>Av. Itaituba, 11 \u2013 Boa Vista \u2013 Pomp\u00e9ia \u2013 Belo Horizonte\/MG<br>* Ter\u00e7as e Quintas de 18h \u00e0s 19h.<\/p>\n<\/div>\n\n\n\n<div class=\"wp-block-column is-vertically-aligned-center linha is-layout-flow wp-block-column-is-layout-flow\" style=\"flex-basis:50%\">\n<p><\/p>\n\n\n\n<ul class=\"wp-block-list\">\n<li><strong>Aprender os fundamentos do Flag Football<\/strong> de forma l\u00fadica e inclusiva<\/li>\n\n\n\n<li><strong>Praticar atividades f\u00edsicas regulares<\/strong>, estimulando sa\u00fade e bem-estar<\/li>\n\n\n\n<li><strong>Vivenciar valores do esporte<\/strong>: respeito, disciplina, lideran\u00e7a e responsabilidade<\/li>\n\n\n\n<li><strong>Participar de eventos comunit\u00e1rios e festivais esportivos<\/strong> promovidos pelo projeto.<\/li>\n<\/ul>\n<\/div>\n<\/div>\n\n\n\n<p><\/p>\n","protected":false},"excerpt":{"rendered":"<p>TD do Bem na zona leste de bh O polo Pomp\u00e9ia nasce com a miss\u00e3o de levar o Flag Football &hellip; <a href=\"https:\/\/tddobem.com.br\/index.php\/pompeia\/\" class=\"more-link\"><span class=\"more-button\">Continue Reading<span class=\"screen-reader-text\">Pomp\u00e9ia<\/span><\/span><\/a><\/p>\n","protected":false},"author":1,"featured_media":0,"parent":0,"menu_order":0,"comment_status":"closed","ping_status":"closed","template":"","meta":{"footnotes":""},"class_list":["post-298","page","type-page","status-publish","hentry"],"_links":{"self":[{"href":"https:\/\/tddobem.com.br\/index.php\/wp-json\/wp\/v2\/pages\/298","targetHints":{"allow":["GET"]}}],"collection":[{"href":"https:\/\/tddobem.com.br\/index.php\/wp-json\/wp\/v2\/pages"}],"about":[{"href":"https:\/\/tddobem.com.br\/index.php\/wp-json\/wp\/v2\/types\/page"}],"author":[{"embeddable":true,"href":"https:\/\/tddobem.com.br\/index.php\/wp-json\/wp\/v2\/users\/1"}],"replies":[{"embeddable":true,"href":"https:\/\/tddobem.com.br\/index.php\/wp-json\/wp\/v2\/comments?post=298"}],"version-history":[{"count":5,"href":"https:\/\/tddobem.com.br\/index.php\/wp-json\/wp\/v2\/pages\/298\/revisions"}],"predecessor-version":[{"id":379,"href":"https:\/\/tddobem.com.br\/index.php\/wp-json\/wp\/v2\/pages\/298\/revisions\/379"}],"wp:attachment":[{"href":"https:\/\/tddobem.com.br\/index.php\/wp-json\/wp\/v2\/media?parent=298"}],"curies":[{"name":"wp","href":"https:\/\/api.w.org\/{rel}","templated":true}]}}