{"id":20,"date":"2025-01-03T10:23:35","date_gmt":"2025-01-03T13:23:35","guid":{"rendered":"https:\/\/tddobem.com.br\/?page_id=20"},"modified":"2025-10-01T17:18:17","modified_gmt":"2025-10-01T20:18:17","slug":"20-2","status":"publish","type":"page","link":"https:\/\/tddobem.com.br\/index.php\/20-2\/","title":{"rendered":"barreiro &#8211; BECO DO CAMPO DO Chiqueirinho"},"content":{"rendered":"\n<div class=\"wp-block-columns are-vertically-aligned-center is-layout-flex wp-container-core-columns-is-layout-9d6595d7 wp-block-columns-is-layout-flex\" id=\"projeto\">\n<div class=\"wp-block-column is-vertically-aligned-center is-layout-flow wp-block-column-is-layout-flow\" style=\"flex-basis:50%\">\n<div class=\"wp-block-group is-vertical is-layout-flex wp-container-core-group-is-layout-8cf370e7 wp-block-group-is-layout-flex\">\n<figure class=\"wp-block-image size-full\"><img loading=\"lazy\" decoding=\"async\" width=\"1080\" height=\"1920\" src=\"https:\/\/tddobem.com.br\/wp-content\/uploads\/2025\/10\/Sem-nome-Story-1.png\" alt=\"\" class=\"wp-image-356\" srcset=\"https:\/\/tddobem.com.br\/wp-content\/uploads\/2025\/10\/Sem-nome-Story-1.png 1080w, https:\/\/tddobem.com.br\/wp-content\/uploads\/2025\/10\/Sem-nome-Story-1-169x300.png 169w, https:\/\/tddobem.com.br\/wp-content\/uploads\/2025\/10\/Sem-nome-Story-1-576x1024.png 576w, https:\/\/tddobem.com.br\/wp-content\/uploads\/2025\/10\/Sem-nome-Story-1-768x1365.png 768w, https:\/\/tddobem.com.br\/wp-content\/uploads\/2025\/10\/Sem-nome-Story-1-864x1536.png 864w\" sizes=\"auto, (max-width: 1080px) 100vw, 1080px\" \/><\/figure>\n<\/div>\n<\/div>\n\n\n\n<div class=\"wp-block-column is-vertically-aligned-center is-layout-flow wp-block-column-is-layout-flow\" style=\"flex-basis:50%\">\n<h2 class=\"wp-block-heading\"><strong>TD do Bem na vila <\/strong><\/h2>\n\n\n\n<p>O polo do <strong>Beco do Chiqueirinho<\/strong>, no Barreiro, \u00e9 um dos cora\u00e7\u00f5es do projeto <strong>Touchdown do Bem<\/strong>. O campo de terra que s\u00f3 conhecia a bola redonda no p\u00e9, deu espa\u00e7o para a bola oval voar pelas m\u00e3os da crian\u00e7ada que logo se adaptou ao novo esporte. <\/p>\n\n\n\n<p>Por meio do <strong>Flag Football<\/strong>, oportunizamos o aprendizado de  valores do esporte como respeito, coopera\u00e7\u00e3o e compromisso enquanto constroem la\u00e7os de amizade e fortalecem v\u00ednculos com suas fam\u00edlias e a comunidade.<\/p>\n<\/div>\n<\/div>\n\n\n\n<div style=\"height:18px\" aria-hidden=\"true\" class=\"wp-block-spacer\"><\/div>\n\n\n\n<div class=\"wp-block-columns are-vertically-aligned-center is-layout-flex wp-container-core-columns-is-layout-9d6595d7 wp-block-columns-is-layout-flex\" id=\"projeto\">\n<div class=\"wp-block-column is-vertically-aligned-center is-layout-flow wp-block-column-is-layout-flow\" style=\"flex-basis:50%\">\n<h2 class=\"wp-block-heading\">NFL BRASIL NO TD DO BEM <\/h2>\n\n\n\n<p>O projeto acontece no <strong>Campo do Chiqueirinho, no Barreiro<\/strong>, onde atendemos mais de <strong>100 crian\u00e7as<\/strong> na faixa et\u00e1ria de <strong>7 a 17 anos<\/strong>. Em <strong>202<\/strong>3, participamos do primeiro torneio da NFL* Flag no Brasil em S\u00e3o Paulo e em 2024 participamos da s\u00e9rie NASCIDOS PARA JOGAR realizado pela NFL Brasil pelas lentes de Luisa D\u00f6rr. Durante o primeiro jogo da NFL no Brasil, tamb\u00e9m est\u00e1vamos presente no tel\u00e3o da Neo Qu\u00edmica Arena para mais de 45 mil pessoas, assim como na exposi\u00e7\u00e3o A GENTE TAMB\u00c9M JOGA realizada em SP no m\u00eas de Setembro\/2025.<br>* NFL: Nacional Football League, a maior liga de futebol americano do mundo.<\/p>\n<\/div>\n\n\n\n<div class=\"wp-block-column is-vertically-aligned-center is-layout-flow wp-block-column-is-layout-flow\" style=\"flex-basis:50%\">\n<figure class=\"wp-block-image size-full\"><img loading=\"lazy\" decoding=\"async\" width=\"1080\" height=\"1920\" src=\"https:\/\/tddobem.com.br\/wp-content\/uploads\/2025\/10\/Sem-nome-Story.png\" alt=\"\" class=\"wp-image-349\" srcset=\"https:\/\/tddobem.com.br\/wp-content\/uploads\/2025\/10\/Sem-nome-Story.png 1080w, https:\/\/tddobem.com.br\/wp-content\/uploads\/2025\/10\/Sem-nome-Story-169x300.png 169w, https:\/\/tddobem.com.br\/wp-content\/uploads\/2025\/10\/Sem-nome-Story-576x1024.png 576w, https:\/\/tddobem.com.br\/wp-content\/uploads\/2025\/10\/Sem-nome-Story-768x1365.png 768w, https:\/\/tddobem.com.br\/wp-content\/uploads\/2025\/10\/Sem-nome-Story-864x1536.png 864w\" sizes=\"auto, (max-width: 1080px) 100vw, 1080px\" \/><\/figure>\n<\/div>\n<\/div>\n\n\n\n<figure class=\"wp-block-image size-large\"><a class=\"V\u00cdDEOS\" href=\"https:\/\/www.youtube.com\/watch?v=zC8uT95XNeg&amp;t=35s\" target=\"_blank\" rel=\"NASCIDOS PARA JOGAR NFL BRASIL - TD DO BEM noreferrer noopener\"><img loading=\"lazy\" decoding=\"async\" width=\"1024\" height=\"538\" src=\"https:\/\/tddobem.com.br\/wp-content\/uploads\/2025\/10\/Captura-de-Tela-2025-10-01-as-16.13.34-1024x538.png\" alt=\"\" class=\"wp-image-348\" srcset=\"https:\/\/tddobem.com.br\/wp-content\/uploads\/2025\/10\/Captura-de-Tela-2025-10-01-as-16.13.34-1024x538.png 1024w, https:\/\/tddobem.com.br\/wp-content\/uploads\/2025\/10\/Captura-de-Tela-2025-10-01-as-16.13.34-300x158.png 300w, https:\/\/tddobem.com.br\/wp-content\/uploads\/2025\/10\/Captura-de-Tela-2025-10-01-as-16.13.34-768x404.png 768w, https:\/\/tddobem.com.br\/wp-content\/uploads\/2025\/10\/Captura-de-Tela-2025-10-01-as-16.13.34-1536x807.png 1536w, https:\/\/tddobem.com.br\/wp-content\/uploads\/2025\/10\/Captura-de-Tela-2025-10-01-as-16.13.34-2048x1076.png 2048w\" sizes=\"auto, (max-width: 1024px) 100vw, 1024px\" \/><\/a><\/figure>\n\n\n\n<div style=\"height:42px\" aria-hidden=\"true\" class=\"wp-block-spacer\"><\/div>\n\n\n\n<div class=\"wp-block-columns are-vertically-aligned-center is-layout-flex wp-container-core-columns-is-layout-9d6595d7 wp-block-columns-is-layout-flex\" id=\"projeto\">\n<div class=\"wp-block-column is-vertically-aligned-center is-layout-flow wp-block-column-is-layout-flow\" style=\"flex-basis:50%\">\n<div class=\"wp-block-group is-vertical is-layout-flex wp-container-core-group-is-layout-8cf370e7 wp-block-group-is-layout-flex\">\n<figure class=\"wp-block-image size-full\"><img loading=\"lazy\" decoding=\"async\" width=\"2560\" height=\"1440\" src=\"https:\/\/tddobem.com.br\/wp-content\/uploads\/2025\/10\/IMG_9393-scaled.jpg\" alt=\"\" class=\"wp-image-347\" srcset=\"https:\/\/tddobem.com.br\/wp-content\/uploads\/2025\/10\/IMG_9393-scaled.jpg 2560w, https:\/\/tddobem.com.br\/wp-content\/uploads\/2025\/10\/IMG_9393-300x169.jpg 300w, https:\/\/tddobem.com.br\/wp-content\/uploads\/2025\/10\/IMG_9393-1024x576.jpg 1024w, https:\/\/tddobem.com.br\/wp-content\/uploads\/2025\/10\/IMG_9393-768x432.jpg 768w, https:\/\/tddobem.com.br\/wp-content\/uploads\/2025\/10\/IMG_9393-1536x864.jpg 1536w, https:\/\/tddobem.com.br\/wp-content\/uploads\/2025\/10\/IMG_9393-2048x1152.jpg 2048w, https:\/\/tddobem.com.br\/wp-content\/uploads\/2025\/10\/IMG_9393-1920x1080.jpg 1920w, https:\/\/tddobem.com.br\/wp-content\/uploads\/2025\/10\/IMG_9393-920x518.jpg 920w\" sizes=\"auto, (max-width: 2560px) 100vw, 2560px\" \/><\/figure>\n<\/div>\n<\/div>\n\n\n\n<div class=\"wp-block-column is-vertically-aligned-center is-layout-flow wp-block-column-is-layout-flow\" style=\"flex-basis:50%\">\n<h2 class=\"wp-block-heading\"><strong>TD do Bem n<\/strong>a REDE TV<\/h2>\n\n\n\n<p>Em 2023 recebemos no campo do chiqueirinho a equipe da REDE TV que contou um pouco sobre o nosso projeto e como o Flag no Brasil vem crescendo atrav\u00e9s de iniciativas sociais assim como a do Td do Bem. &#8220;Esperamos em um momento pr\u00f3ximo ver nossas crian\u00e7as j\u00e1 crescidas e disputando as Olimp\u00edadas representando o nosso pa\u00eds&#8221; Disse Coach Dan Muller na entrevista para Danilo Lacalle rep\u00f3rter da REDE TV.<\/p>\n<\/div>\n<\/div>\n\n\n\n<hr class=\"wp-block-separator has-alpha-channel-opacity\"\/>\n\n\n\n<div class=\"wp-block-columns are-vertically-aligned-center is-layout-flex wp-container-core-columns-is-layout-9d6595d7 wp-block-columns-is-layout-flex\">\n<div class=\"wp-block-column is-vertically-aligned-center is-layout-flow wp-block-column-is-layout-flow\">\n<figure class=\"wp-block-image size-large\"><img loading=\"lazy\" decoding=\"async\" width=\"819\" height=\"1024\" src=\"https:\/\/tddobem.com.br\/wp-content\/uploads\/2025\/02\/chiqueirinho-819x1024.jpg\" alt=\"\" class=\"wp-image-260\" srcset=\"https:\/\/tddobem.com.br\/wp-content\/uploads\/2025\/02\/chiqueirinho-819x1024.jpg 819w, https:\/\/tddobem.com.br\/wp-content\/uploads\/2025\/02\/chiqueirinho-240x300.jpg 240w, https:\/\/tddobem.com.br\/wp-content\/uploads\/2025\/02\/chiqueirinho-768x960.jpg 768w, https:\/\/tddobem.com.br\/wp-content\/uploads\/2025\/02\/chiqueirinho-1229x1536.jpg 1229w, https:\/\/tddobem.com.br\/wp-content\/uploads\/2025\/02\/chiqueirinho-640x800.jpg 640w, https:\/\/tddobem.com.br\/wp-content\/uploads\/2025\/02\/chiqueirinho.jpg 1440w\" sizes=\"auto, (max-width: 819px) 100vw, 819px\" \/><\/figure>\n<\/div>\n\n\n\n<div class=\"wp-block-column is-vertically-aligned-center is-layout-flow wp-block-column-is-layout-flow\">\n<figure class=\"wp-block-video\"><video height=\"1280\" style=\"aspect-ratio: 720 \/ 1280;\" width=\"720\" controls src=\"https:\/\/tddobem.com.br\/wp-content\/uploads\/2025\/02\/1000447699.mp4\"><\/video><\/figure>\n<\/div>\n\n\n\n<div class=\"wp-block-column is-vertically-aligned-center is-layout-flow wp-block-column-is-layout-flow\">\n<figure class=\"wp-block-image size-large\"><img loading=\"lazy\" decoding=\"async\" width=\"819\" height=\"1024\" src=\"https:\/\/tddobem.com.br\/wp-content\/uploads\/2025\/02\/chiqueirinho2-819x1024.jpg\" alt=\"\" class=\"wp-image-261\" srcset=\"https:\/\/tddobem.com.br\/wp-content\/uploads\/2025\/02\/chiqueirinho2-819x1024.jpg 819w, https:\/\/tddobem.com.br\/wp-content\/uploads\/2025\/02\/chiqueirinho2-240x300.jpg 240w, https:\/\/tddobem.com.br\/wp-content\/uploads\/2025\/02\/chiqueirinho2-768x960.jpg 768w, https:\/\/tddobem.com.br\/wp-content\/uploads\/2025\/02\/chiqueirinho2-640x800.jpg 640w, https:\/\/tddobem.com.br\/wp-content\/uploads\/2025\/02\/chiqueirinho2.jpg 1080w\" sizes=\"auto, (max-width: 819px) 100vw, 819px\" \/><\/figure>\n<\/div>\n<\/div>\n\n\n\n<div style=\"height:19px\" aria-hidden=\"true\" class=\"wp-block-spacer\"><\/div>\n\n\n\n<div class=\"wp-block-columns are-vertically-aligned-center is-layout-flex wp-container-core-columns-is-layout-9d6595d7 wp-block-columns-is-layout-flex\" id=\"projeto\">\n<div class=\"wp-block-column is-vertically-aligned-center is-layout-flow wp-block-column-is-layout-flow\" style=\"flex-basis:50%\">\n<h2 class=\"wp-block-heading\">Atividades e Funcionamento<\/h2>\n\n\n\n<p><strong>Campo do Chiqueirinho<\/strong> Barreiro \u2013 Rua Mariza Afonso, 80, Vila Independ\u00eancia Belo Horizonte\/MG <br>\ud83d\udd59 <strong>Hor\u00e1rio:<\/strong> Todos os\u00a0S\u00e1bados de 10h \u00e0s 12h.<\/p>\n<\/div>\n\n\n\n<div class=\"wp-block-column is-vertically-aligned-center linha is-layout-flow wp-block-column-is-layout-flow\" style=\"flex-basis:50%\">\n<ul class=\"wp-block-list\">\n<li><strong>Mudan\u00e7a de cultura<\/strong> trazendo um novo esporte para dentro da comunidade<\/li>\n\n\n\n<li><strong>Aprimorar habilidades f\u00edsicas<\/strong> com treinos t\u00e9cnicos, coordena\u00e7\u00e3o e racioc\u00ednio t\u00e1tico.<\/li>\n\n\n\n<li><strong>Conviver em um ambiente seguro e comunit\u00e1rio<\/strong>, fortalecendo v\u00ednculos entre crian\u00e7as, fam\u00edlias e volunt\u00e1rios<\/li>\n\n\n\n<li><strong>Estimular o comprometimento escolar<\/strong>, com incentivo ao estudo e acompanhamento da frequ\u00eancia dos alunos.<\/li>\n<\/ul>\n<\/div>\n<\/div>\n\n\n\n<p><\/p>\n","protected":false},"excerpt":{"rendered":"<p>TD do Bem na vila O polo do Beco do Chiqueirinho, no Barreiro, \u00e9 um dos cora\u00e7\u00f5es do projeto Touchdown &hellip; <a href=\"https:\/\/tddobem.com.br\/index.php\/20-2\/\" class=\"more-link\"><span class=\"more-button\">Continue Reading<span class=\"screen-reader-text\">barreiro &#8211; BECO DO CAMPO DO Chiqueirinho<\/span><\/span><\/a><\/p>\n","protected":false},"author":1,"featured_media":0,"parent":0,"menu_order":0,"comment_status":"closed","ping_status":"closed","template":"templates\/full-width-page.php","meta":{"footnotes":""},"class_list":["post-20","page","type-page","status-publish","hentry"],"_links":{"self":[{"href":"https:\/\/tddobem.com.br\/index.php\/wp-json\/wp\/v2\/pages\/20","targetHints":{"allow":["GET"]}}],"collection":[{"href":"https:\/\/tddobem.com.br\/index.php\/wp-json\/wp\/v2\/pages"}],"about":[{"href":"https:\/\/tddobem.com.br\/index.php\/wp-json\/wp\/v2\/types\/page"}],"author":[{"embeddable":true,"href":"https:\/\/tddobem.com.br\/index.php\/wp-json\/wp\/v2\/users\/1"}],"replies":[{"embeddable":true,"href":"https:\/\/tddobem.com.br\/index.php\/wp-json\/wp\/v2\/comments?post=20"}],"version-history":[{"count":10,"href":"https:\/\/tddobem.com.br\/index.php\/wp-json\/wp\/v2\/pages\/20\/revisions"}],"predecessor-version":[{"id":358,"href":"https:\/\/tddobem.com.br\/index.php\/wp-json\/wp\/v2\/pages\/20\/revisions\/358"}],"wp:attachment":[{"href":"https:\/\/tddobem.com.br\/index.php\/wp-json\/wp\/v2\/media?parent=20"}],"curies":[{"name":"wp","href":"https:\/\/api.w.org\/{rel}","templated":true}]}}