{"id":12,"date":"2025-01-03T10:17:47","date_gmt":"2025-01-03T13:17:47","guid":{"rendered":"https:\/\/tddobem.com.br\/?page_id=12"},"modified":"2025-10-01T15:25:59","modified_gmt":"2025-10-01T18:25:59","slug":"pindorama","status":"publish","type":"page","link":"https:\/\/tddobem.com.br\/index.php\/pindorama\/","title":{"rendered":"Pindorama &#8211; ciame"},"content":{"rendered":"\n<div class=\"wp-block-group is-vertical is-layout-flex wp-container-core-group-is-layout-8cf370e7 wp-block-group-is-layout-flex\">\n<div class=\"wp-block-columns are-vertically-aligned-center is-layout-flex wp-container-core-columns-is-layout-9d6595d7 wp-block-columns-is-layout-flex\" id=\"projeto\">\n<div class=\"wp-block-column is-vertically-aligned-center is-layout-flow wp-block-column-is-layout-flow\" style=\"flex-basis:50%\">\n<div class=\"wp-block-group is-vertical is-layout-flex wp-container-core-group-is-layout-8cf370e7 wp-block-group-is-layout-flex\">\n<figure class=\"wp-block-image size-full\"><img loading=\"lazy\" decoding=\"async\" width=\"1920\" height=\"2560\" src=\"https:\/\/tddobem.com.br\/wp-content\/uploads\/2025\/10\/IMG_3068-scaled.jpg\" alt=\"\" class=\"wp-image-337\" srcset=\"https:\/\/tddobem.com.br\/wp-content\/uploads\/2025\/10\/IMG_3068-scaled.jpg 1920w, https:\/\/tddobem.com.br\/wp-content\/uploads\/2025\/10\/IMG_3068-225x300.jpg 225w, https:\/\/tddobem.com.br\/wp-content\/uploads\/2025\/10\/IMG_3068-768x1024.jpg 768w, https:\/\/tddobem.com.br\/wp-content\/uploads\/2025\/10\/IMG_3068-1152x1536.jpg 1152w, https:\/\/tddobem.com.br\/wp-content\/uploads\/2025\/10\/IMG_3068-1536x2048.jpg 1536w\" sizes=\"auto, (max-width: 1920px) 100vw, 1920px\" \/><\/figure>\n<\/div>\n<\/div>\n\n\n\n<div class=\"wp-block-column is-vertically-aligned-center is-layout-flow wp-block-column-is-layout-flow\" style=\"flex-basis:50%\">\n<h2 class=\"wp-block-heading\">TD do Bem no CIAME \u2013 Bairro Pindorama<\/h2>\n\n\n\n<p>Em mar\u00e7o de 2025, o Touchdown do Bem chega ao bairro Pindorama atrav\u00e9s de uma parceria com o <strong>Centro Integrado de Apoio ao Menor (CIAME)<\/strong> e a <strong>Front Games<\/strong>.<br>Este novo polo nasce com o prop\u00f3sito de ampliar o acesso ao esporte e promover inclus\u00e3o social por meio do <strong>Flag Football<\/strong>, oferecendo \u00e0s crian\u00e7as e adolescentes da comunidade a oportunidade de aprender valores como disciplina, trabalho em equipe, respeito e compromisso.<\/p>\n<\/div>\n<\/div>\n\n\n\n<div style=\"height:0px\" aria-hidden=\"true\" class=\"wp-block-spacer wp-container-content-1cacd481\"><\/div>\n<\/div>\n\n\n\n<div class=\"wp-block-columns are-vertically-aligned-center is-layout-flex wp-container-core-columns-is-layout-9d6595d7 wp-block-columns-is-layout-flex\" id=\"projeto\">\n<div class=\"wp-block-column is-vertically-aligned-center is-layout-flow wp-block-column-is-layout-flow\" style=\"flex-basis:50%\">\n<h2 class=\"wp-block-heading\">Impacto e Crescimento<\/h2>\n\n\n\n<p>Nosso objetivo com a cria\u00e7\u00e3o do polo Pindorama \u00e9 apoiar as atividades e esportes que s\u00e3o oferecidos diariamente a todas as crian\u00e7as, junto com atividades culturais, educativas, temos o esporte como grande aliado na transforma\u00e7\u00e3o de vidas, aproximando jovens de novas possibilidades dentro e fora do campo.<\/p>\n<\/div>\n\n\n\n<div class=\"wp-block-column is-vertically-aligned-center is-layout-flow wp-block-column-is-layout-flow\" style=\"flex-basis:50%\">\n<figure class=\"wp-block-image size-full\"><img loading=\"lazy\" decoding=\"async\" width=\"1920\" height=\"2560\" src=\"https:\/\/tddobem.com.br\/wp-content\/uploads\/2025\/10\/IMG_3040-scaled.jpg\" alt=\"\" class=\"wp-image-339\" srcset=\"https:\/\/tddobem.com.br\/wp-content\/uploads\/2025\/10\/IMG_3040-scaled.jpg 1920w, https:\/\/tddobem.com.br\/wp-content\/uploads\/2025\/10\/IMG_3040-225x300.jpg 225w, https:\/\/tddobem.com.br\/wp-content\/uploads\/2025\/10\/IMG_3040-768x1024.jpg 768w, https:\/\/tddobem.com.br\/wp-content\/uploads\/2025\/10\/IMG_3040-1152x1536.jpg 1152w, https:\/\/tddobem.com.br\/wp-content\/uploads\/2025\/10\/IMG_3040-1536x2048.jpg 1536w\" sizes=\"auto, (max-width: 1920px) 100vw, 1920px\" \/><\/figure>\n<\/div>\n<\/div>\n\n\n\n<div style=\"height:60px\" aria-hidden=\"true\" class=\"wp-block-spacer\"><\/div>\n\n\n\n<div class=\"wp-block-columns are-vertically-aligned-center is-layout-flex wp-container-core-columns-is-layout-9d6595d7 wp-block-columns-is-layout-flex\">\n<div class=\"wp-block-column is-vertically-aligned-center is-layout-flow wp-block-column-is-layout-flow\">\n<figure class=\"wp-block-image size-large\"><img loading=\"lazy\" decoding=\"async\" width=\"768\" height=\"1024\" src=\"https:\/\/tddobem.com.br\/wp-content\/uploads\/2025\/10\/IMG_3014-768x1024.jpg\" alt=\"\" class=\"wp-image-334\" srcset=\"https:\/\/tddobem.com.br\/wp-content\/uploads\/2025\/10\/IMG_3014-768x1024.jpg 768w, https:\/\/tddobem.com.br\/wp-content\/uploads\/2025\/10\/IMG_3014-225x300.jpg 225w, https:\/\/tddobem.com.br\/wp-content\/uploads\/2025\/10\/IMG_3014-1152x1536.jpg 1152w, https:\/\/tddobem.com.br\/wp-content\/uploads\/2025\/10\/IMG_3014-1536x2048.jpg 1536w, https:\/\/tddobem.com.br\/wp-content\/uploads\/2025\/10\/IMG_3014-scaled.jpg 1920w\" sizes=\"auto, (max-width: 768px) 100vw, 768px\" \/><\/figure>\n<\/div>\n\n\n\n<div class=\"wp-block-column is-vertically-aligned-center is-layout-flow wp-block-column-is-layout-flow\">\n<figure class=\"wp-block-video\"><video height=\"1920\" style=\"aspect-ratio: 1080 \/ 1920;\" width=\"1080\" controls src=\"https:\/\/tddobem.com.br\/wp-content\/uploads\/2025\/10\/copy_63125473-79F1-4865-BB47-D555C0E3E0CE.mov\"><\/video><\/figure>\n<\/div>\n\n\n\n<div class=\"wp-block-column is-vertically-aligned-center is-layout-flow wp-block-column-is-layout-flow\">\n<figure class=\"wp-block-image size-large\"><img loading=\"lazy\" decoding=\"async\" width=\"768\" height=\"1024\" src=\"https:\/\/tddobem.com.br\/wp-content\/uploads\/2025\/10\/IMG_3285-768x1024.jpg\" alt=\"\" class=\"wp-image-336\" srcset=\"https:\/\/tddobem.com.br\/wp-content\/uploads\/2025\/10\/IMG_3285-768x1024.jpg 768w, https:\/\/tddobem.com.br\/wp-content\/uploads\/2025\/10\/IMG_3285-225x300.jpg 225w, https:\/\/tddobem.com.br\/wp-content\/uploads\/2025\/10\/IMG_3285-1152x1536.jpg 1152w, https:\/\/tddobem.com.br\/wp-content\/uploads\/2025\/10\/IMG_3285-1536x2048.jpg 1536w, https:\/\/tddobem.com.br\/wp-content\/uploads\/2025\/10\/IMG_3285-scaled.jpg 1920w\" sizes=\"auto, (max-width: 768px) 100vw, 768px\" \/><\/figure>\n<\/div>\n<\/div>\n\n\n\n<div class=\"wp-block-columns are-vertically-aligned-center is-layout-flex wp-container-core-columns-is-layout-9d6595d7 wp-block-columns-is-layout-flex\" id=\"projeto\">\n<div class=\"wp-block-column is-vertically-aligned-center is-layout-flow wp-block-column-is-layout-flow\" style=\"flex-basis:50%\">\n<h2 class=\"wp-block-heading\">Atividades e Funcionamento<\/h2>\n\n\n\n<p><strong>PINDORAMA &#8211; CIAME<\/strong><br>Rua Guararapes, 1810 \u2013 Pindorama \u2013 Belo Horizonte\/MG<br>\ud83d\udd59  Todas as ter\u00e7as e quintas de 14h \u00e0s 15h30. <\/p>\n<\/div>\n\n\n\n<div class=\"wp-block-column is-vertically-aligned-center linha is-layout-flow wp-block-column-is-layout-flow\" style=\"flex-basis:50%\">\n<ul class=\"wp-block-list\">\n<li><strong>Aprender e praticar Flag Football<\/strong> como ferramenta de disciplina e inclus\u00e3o social<\/li>\n\n\n\n<li><strong>Participar de jogos e din\u00e2micas esportivas<\/strong> que estimulam lideran\u00e7a, coopera\u00e7\u00e3o e respeito<\/li>\n\n\n\n<li><strong>Vivenciar experi\u00eancias educativas<\/strong> em parceria com o CIAME, unindo esporte e cidadania<\/li>\n<\/ul>\n<\/div>\n<\/div>\n\n\n\n<p><\/p>\n","protected":false},"excerpt":{"rendered":"<p>TD do Bem no CIAME \u2013 Bairro Pindorama Em mar\u00e7o de 2025, o Touchdown do Bem chega ao bairro Pindorama &hellip; <a href=\"https:\/\/tddobem.com.br\/index.php\/pindorama\/\" class=\"more-link\"><span class=\"more-button\">Continue Reading<span class=\"screen-reader-text\">Pindorama &#8211; ciame<\/span><\/span><\/a><\/p>\n","protected":false},"author":1,"featured_media":0,"parent":0,"menu_order":0,"comment_status":"closed","ping_status":"closed","template":"","meta":{"footnotes":""},"class_list":["post-12","page","type-page","status-publish","hentry"],"_links":{"self":[{"href":"https:\/\/tddobem.com.br\/index.php\/wp-json\/wp\/v2\/pages\/12","targetHints":{"allow":["GET"]}}],"collection":[{"href":"https:\/\/tddobem.com.br\/index.php\/wp-json\/wp\/v2\/pages"}],"about":[{"href":"https:\/\/tddobem.com.br\/index.php\/wp-json\/wp\/v2\/types\/page"}],"author":[{"embeddable":true,"href":"https:\/\/tddobem.com.br\/index.php\/wp-json\/wp\/v2\/users\/1"}],"replies":[{"embeddable":true,"href":"https:\/\/tddobem.com.br\/index.php\/wp-json\/wp\/v2\/comments?post=12"}],"version-history":[{"count":4,"href":"https:\/\/tddobem.com.br\/index.php\/wp-json\/wp\/v2\/pages\/12\/revisions"}],"predecessor-version":[{"id":340,"href":"https:\/\/tddobem.com.br\/index.php\/wp-json\/wp\/v2\/pages\/12\/revisions\/340"}],"wp:attachment":[{"href":"https:\/\/tddobem.com.br\/index.php\/wp-json\/wp\/v2\/media?parent=12"}],"curies":[{"name":"wp","href":"https:\/\/api.w.org\/{rel}","templated":true}]}}